{"id":505,"date":"2021-04-07T13:49:05","date_gmt":"2021-04-07T12:49:05","guid":{"rendered":"http:\/\/dominicains-strasbourg.fr\/?page_id=505"},"modified":"2026-03-05T08:02:48","modified_gmt":"2026-03-05T07:02:48","slug":"dons","status":"publish","type":"page","link":"https:\/\/dominicains-strasbourg.fr\/index.php\/dons\/","title":{"rendered":"Dons"},"content":{"rendered":"\n<h1 class=\"wp-block-heading\">Oui, je soutiens le couvent des dominicains de Strasbourg !<\/h1>\n\n\n\n<p>Depuis 1924, les fr\u00e8res dominicains de la Province de France sont pr\u00e9sents \u00e0 Strasbourg, sur le boulevard de la Victoire, en plein c\u0153ur du quartier universitaire. Nous t\u00e2chons d\u2019y \u00eatre fid\u00e8les \u00e0 notre vocation de pr\u00eacheurs, pour les \u00e9tudiants qui nous entourent et pour les Strasbourgeois qui fr\u00e9quentent nos offices, notre centre culturel ou nos concerts. Nous avons entrepris de grands travaux de r\u00e9novation de nos b\u00e2timents. Aidez-nous !\u00a0<\/p>\n\n\n\n<div class=\"wp-block-group is-layout-flow\"><div class=\"wp-block-group__inner-container\">\n<div class=\"wp-block-buttons is-layout-flex\">\n<div class=\"wp-block-button\"><a class=\"wp-block-button__link has-white-color has-text-color wp-element-button\" href=\"https:\/\/www.payasso.fr\/dominicains-strasbourg\/dons\" target=\"_blank\" rel=\"noreferrer noopener\">Je fais un don au couvent des dominicains de Strasbourg<\/a><\/div>\n<\/div>\n<\/div><\/div>\n\n\n\n<p><\/p>\n\n\n\n<p>Association de droit local inscrite au Tribunal judiciaire de Strasbourg sous le volume 25 folio n\u00b024, sise 41 boulevard de la Victoire \u00e0 Strasbourg.<\/p>\n","protected":false},"excerpt":{"rendered":"<p>Oui, je soutiens le couvent des dominicains de Strasbourg ! Depuis 1924, les fr\u00e8res dominicains de la Province de France sont pr\u00e9sents \u00e0 Strasbourg, sur le boulevard de la Victoire, en plein c\u0153ur du quartier universitaire. Nous t\u00e2chons d\u2019y \u00eatre &hellip; <a href=\"https:\/\/dominicains-strasbourg.fr\/index.php\/dons\/\">Continuer la lecture <span class=\"meta-nav\">&rarr;<\/span><\/a><\/p>\n","protected":false},"author":1,"featured_media":0,"parent":0,"menu_order":0,"comment_status":"closed","ping_status":"closed","template":"","meta":[],"_links":{"self":[{"href":"https:\/\/dominicains-strasbourg.fr\/index.php\/wp-json\/wp\/v2\/pages\/505"}],"collection":[{"href":"https:\/\/dominicains-strasbourg.fr\/index.php\/wp-json\/wp\/v2\/pages"}],"about":[{"href":"https:\/\/dominicains-strasbourg.fr\/index.php\/wp-json\/wp\/v2\/types\/page"}],"author":[{"embeddable":true,"href":"https:\/\/dominicains-strasbourg.fr\/index.php\/wp-json\/wp\/v2\/users\/1"}],"replies":[{"embeddable":true,"href":"https:\/\/dominicains-strasbourg.fr\/index.php\/wp-json\/wp\/v2\/comments?post=505"}],"version-history":[{"count":8,"href":"https:\/\/dominicains-strasbourg.fr\/index.php\/wp-json\/wp\/v2\/pages\/505\/revisions"}],"predecessor-version":[{"id":1066,"href":"https:\/\/dominicains-strasbourg.fr\/index.php\/wp-json\/wp\/v2\/pages\/505\/revisions\/1066"}],"wp:attachment":[{"href":"https:\/\/dominicains-strasbourg.fr\/index.php\/wp-json\/wp\/v2\/media?parent=505"}],"curies":[{"name":"wp","href":"https:\/\/api.w.org\/{rel}","templated":true}]}}