{"id":15,"date":"2015-10-03T08:40:50","date_gmt":"2015-10-03T07:40:50","guid":{"rendered":"http:\/\/dominicains-strasbourg.fr\/?page_id=15"},"modified":"2026-02-17T11:48:06","modified_gmt":"2026-02-17T10:48:06","slug":"qui-sommes-nous","status":"publish","type":"page","link":"https:\/\/dominicains-strasbourg.fr\/index.php\/qui-sommes-nous\/","title":{"rendered":"Qui sommes-nous ?"},"content":{"rendered":"\n<figure class=\"wp-block-image size-large\"><a href=\"http:\/\/dominicains-strasbourg.fr\/wp-content\/uploads\/2025\/11\/IMG-20251125-WA0007.jpg\"><img decoding=\"async\" loading=\"lazy\" width=\"1024\" height=\"768\" src=\"http:\/\/dominicains-strasbourg.fr\/wp-content\/uploads\/2025\/11\/IMG-20251125-WA0007-1024x768.jpg\" alt=\"\" class=\"wp-image-1020\" srcset=\"https:\/\/dominicains-strasbourg.fr\/wp-content\/uploads\/2025\/11\/IMG-20251125-WA0007-1024x768.jpg 1024w, https:\/\/dominicains-strasbourg.fr\/wp-content\/uploads\/2025\/11\/IMG-20251125-WA0007-300x225.jpg 300w, https:\/\/dominicains-strasbourg.fr\/wp-content\/uploads\/2025\/11\/IMG-20251125-WA0007-768x576.jpg 768w, https:\/\/dominicains-strasbourg.fr\/wp-content\/uploads\/2025\/11\/IMG-20251125-WA0007-1536x1152.jpg 1536w, https:\/\/dominicains-strasbourg.fr\/wp-content\/uploads\/2025\/11\/IMG-20251125-WA0007.jpg 1600w\" sizes=\"(max-width: 1024px) 100vw, 1024px\" \/><\/a><\/figure>\n\n\n<p>\u00a0<\/p>\n<p>Nous sommes des fr\u00e8res dominicains !<\/p>\n<p>\u00c0 l\u2019origine de l\u2019Ordre des Pr\u00eacheurs (notre nom officiel), il y a le c\u0153ur d\u00e9bordant de saint Dominique au d\u00e9but du XIIIe si\u00e8cle, inquiet de voir tant d\u2019hommes et de femmes \u00e0 l\u2019\u00e9cart de la Bonne Nouvelle. S\u2019entourant de fr\u00e8res, il ne tarde pas \u00e0 les disperser aux quatre coins de la terre pour pr\u00eacher \u00e0 ceux qu\u2019ils croiseront sur leur chemin. Un c\u0153ur qui d\u00e9borde, telle est donc l\u2019origine de l\u2019Ordre des Pr\u00eacheurs. Et depuis 1216, fr\u00e8res, s\u0153urs et la\u00efcs dominicains s\u2019attachent \u00e0 rester fid\u00e8les \u00e0 cette mission si belle : <em>Louer, b\u00e9nir et pr\u00eacher<\/em>.<\/p>\n<p>\u00c0 Strasbourg, les fr\u00e8res dominicains sont pr\u00e9sents depuis 1224 (avec une interruption de 1521 \u00e0 1927). Notre ancien couvent, sur le site de l&rsquo;actuel Temple Neuf, accueillait en son temps Ma\u00eetre Eckhart et Jean Tauler avant d\u2019\u00eatre vid\u00e9 de ses fr\u00e8res lors de la R\u00e9forme et de dispara\u00eetre dans les flammes lors d\u2019un bombardement en 1870. Revenus en 1927, les fr\u00e8res s\u2019installent au 41 boulevard de la Victoire, en lisi\u00e8re de ce qui devait devenir apr\u00e8s-guerre le campus universitaire. Le couvent compte aujourd&rsquo;hui une douzaine de fr\u00e8res.<\/p>\n<p>Pour nous contacter :<br \/>41 boulevard de la Victoire, 67000 Strasbourg (Tram C\/E\/F, arr\u00eat Universit\u00e9 ou Observatoire)<br \/>T\u00e9l : <span style=\"font-family: Liberation Sans;\">07 49 03 16 23<\/span><br \/>Courriel : couvent.strasbourg[at]dominicains.fr<br \/>Page Facebook :\u00a0<a href=\"http:\/\/www.facebook.com\/dominicains.strasbourg\" target=\"_blank\" rel=\"noopener\">www.facebook.com\/dominicains.strasbourg<\/a><\/p>\n<p>Plus d&rsquo;informations sur l&rsquo;Ordre dominicain sur le site de la Province Dominicaine de France\u00a0 <a href=\"http:\/\/www.dominicains.fr\/\">www.dominicains.fr<\/a> ou sur le site mondial de l&rsquo;Ordre <a href=\"http:\/\/www.op.org\/fr\" target=\"_blank\" rel=\"noopener\">www.op.org\/fr<\/a><\/p>\n<p><iframe loading=\"lazy\" style=\"border: 0;\" src=\"https:\/\/www.google.com\/maps\/embed?pb=!1m14!1m8!1m3!1d5278.8870524237245!2d7.766464999999999!3d48.582206!3m2!1i1024!2i768!4f13.1!3m3!1m2!1s0x4796c8fc107d5261%3A0x4649d4f2af19fef8!2s41+Boulevard+de+la+Victoire%2C+67000+Strasbourg%2C+France!5e0!3m2!1sfr!2sfr!4v1443858743046\" width=\"600\" height=\"450\" frameborder=\"0\" allowfullscreen=\"allowfullscreen\"><\/iframe><\/p>","protected":false},"excerpt":{"rendered":"<p>\u00a0 Nous sommes des fr\u00e8res dominicains ! \u00c0 l\u2019origine de l\u2019Ordre des Pr\u00eacheurs (notre nom officiel), il y a le c\u0153ur d\u00e9bordant de saint Dominique au d\u00e9but du XIIIe si\u00e8cle, inquiet de voir tant d\u2019hommes et de femmes \u00e0 l\u2019\u00e9cart &hellip; <a href=\"https:\/\/dominicains-strasbourg.fr\/index.php\/qui-sommes-nous\/\">Continuer la lecture <span class=\"meta-nav\">&rarr;<\/span><\/a><\/p>\n","protected":false},"author":1,"featured_media":0,"parent":0,"menu_order":0,"comment_status":"closed","ping_status":"closed","template":"","meta":[],"_links":{"self":[{"href":"https:\/\/dominicains-strasbourg.fr\/index.php\/wp-json\/wp\/v2\/pages\/15"}],"collection":[{"href":"https:\/\/dominicains-strasbourg.fr\/index.php\/wp-json\/wp\/v2\/pages"}],"about":[{"href":"https:\/\/dominicains-strasbourg.fr\/index.php\/wp-json\/wp\/v2\/types\/page"}],"author":[{"embeddable":true,"href":"https:\/\/dominicains-strasbourg.fr\/index.php\/wp-json\/wp\/v2\/users\/1"}],"replies":[{"embeddable":true,"href":"https:\/\/dominicains-strasbourg.fr\/index.php\/wp-json\/wp\/v2\/comments?post=15"}],"version-history":[{"count":18,"href":"https:\/\/dominicains-strasbourg.fr\/index.php\/wp-json\/wp\/v2\/pages\/15\/revisions"}],"predecessor-version":[{"id":1061,"href":"https:\/\/dominicains-strasbourg.fr\/index.php\/wp-json\/wp\/v2\/pages\/15\/revisions\/1061"}],"wp:attachment":[{"href":"https:\/\/dominicains-strasbourg.fr\/index.php\/wp-json\/wp\/v2\/media?parent=15"}],"curies":[{"name":"wp","href":"https:\/\/api.w.org\/{rel}","templated":true}]}}