{"id":13,"date":"2015-10-03T08:35:41","date_gmt":"2015-10-03T07:35:41","guid":{"rendered":"http:\/\/dominicains-strasbourg.fr\/?page_id=13"},"modified":"2025-11-26T08:23:27","modified_gmt":"2025-11-26T07:23:27","slug":"que-faisons-nous","status":"publish","type":"page","link":"https:\/\/dominicains-strasbourg.fr\/index.php\/que-faisons-nous\/","title":{"rendered":"Que faisons-nous ?"},"content":{"rendered":"\n<p>\u00ab&nbsp;Tout d\u2019abord, fr\u00e8res, pourquoi \u00eates-vous r\u00e9unis sinon pour habiter ensemble dans l\u2019unanimit\u00e9, ne faisant qu\u2019un c\u0153ur et qu\u2019une \u00e2me en Dieu.&nbsp;\u00bb (D\u00e9but de la R\u00e8gle de Saint Augustin, selon laquelle vivent les fr\u00e8res pr\u00eacheurs, c\u2019est-\u00e0-dire les dominicains). Notre premi\u00e8re t\u00e2che est donc de mener ensemble la vie commune dans l\u2019ob\u00e9issance aux v\u0153ux religieux que nous avons prononc\u00e9s. Le couvent est notre lieu de vie, et notre premier lieu de rayonnement apostolique, par le t\u00e9moignage de notre vie commune, notre <a href=\"http:\/\/dominicains-strasbourg.fr\/index.php\/horaires-messe-et-priere\/\" target=\"_blank\" rel=\"noopener noreferrer\">pri\u00e8re liturgique<\/a>&nbsp;et notre pr\u00e9dication.<\/p>\n\n\n\n<p>De plus, \u00ab&nbsp;l\u2019Ordre des Pr\u00eacheurs fond\u00e9 par saint Dominique fut d\u00e8s l\u2019origine sp\u00e9cifiquement fond\u00e9 pour la pr\u00e9dication et le salut des \u00e2mes&nbsp;\u00bb (Constitutions des fr\u00e8res Pr\u00eacheurs, n.1) : fid\u00e8les au charisme de notre&nbsp;fondateur, nous d\u00e9ployons donc notre&nbsp;apostolat en divers lieux au contact de la soci\u00e9t\u00e9, la rejoignant sur divers terrains et probl\u00e9matiques :<\/p>\n\n\n<div class=\"wp-block-image\">\n<figure class=\"alignleft\"><a href=\"http:\/\/dominicains-strasbourg.fr\/wp-content\/uploads\/2015\/10\/10609526_931901786826642_8541278336207854454_n.jpg\"><img decoding=\"async\" loading=\"lazy\" width=\"150\" height=\"150\" src=\"http:\/\/dominicains-strasbourg.fr\/wp-content\/uploads\/2015\/10\/10609526_931901786826642_8541278336207854454_n-150x150.jpg\" alt=\"logo Domino\" class=\"wp-image-107\"\/><\/a><\/figure><\/div>\n\n\n<p><strong>L\u2019aum\u00f4nerie \u00e9tudiante<\/strong>\u00a0<strong>Le Domino<\/strong> (pour les \u00e9tudiants des universit\u00e9s et grandes \u00e9coles de Strasbourg) a ses locaux au Zouave (place saint Nicolas aux ondes) et est anim\u00e9e par deux fr\u00e8res qui en sont les aum\u00f4niers. Diff\u00e9rentes activit\u00e9s sont propos\u00e9es au long de la semaine, hors vacances. Pour plus d&rsquo;informations : couvent.strasbourg@dominicains.fr<\/p>\n\n\n<div class=\"wp-block-image\">\n<figure class=\"alignright\"><a href=\"http:\/\/dominicains-strasbourg.fr\/wp-content\/uploads\/2015\/10\/Photos-339.jpg\"><img decoding=\"async\" loading=\"lazy\" width=\"150\" height=\"150\" src=\"http:\/\/dominicains-strasbourg.fr\/wp-content\/uploads\/2015\/10\/Photos-339-150x150.jpg\" alt=\"P\u00e9l\u00e9 Rosaire\" class=\"wp-image-108\"\/><\/a><\/figure><\/div>\n\n\n<p><strong>Le\u00a0p\u00e8lerinage\u00a0du Rosaire<\/strong>\u00a0est anim\u00e9 par les fr\u00e8res du couvent : chaque ann\u00e9e au mois d&rsquo;octobre, pr\u00e8s de 16 000 p\u00e8lerins de toute la France se rendent \u00e0 Lourdes pour un p\u00e8lerinage d&rsquo;une semaine avec la famille dominicaine. En Alsace, c&rsquo;est plus de 700 p\u00e8lerins dont 80 malades et de nombreux hospitaliers b\u00e9n\u00e9voles qui partent ensemble pour ce temps humainement et spirituellement fort. La spiritualit\u00e9 du Rosaire se vit aussi au long de l&rsquo;ann\u00e9e \u00e0 travers les \u00c9quipes du Rosaire, anim\u00e9es par les fr\u00e8res. Plus de renseignement sur <a rel=\"noopener noreferrer\" href=\"http:\/\/www.rosairealsace.fr\" target=\"_blank\">www.rosairealsace.fr<\/a><\/p>\n\n\n<div class=\"wp-block-image\">\n<figure class=\"alignleft\"><a href=\"http:\/\/dominicains-strasbourg.fr\/wp-content\/uploads\/2015\/10\/280px-Absolute_Palais_Universitaire_01.jpg\"><img decoding=\"async\" loading=\"lazy\" width=\"150\" height=\"150\" src=\"http:\/\/dominicains-strasbourg.fr\/wp-content\/uploads\/2015\/10\/280px-Absolute_Palais_Universitaire_01-150x150.jpg\" alt=\"Palais universitaire - Fac th\u00e9ologie\" class=\"wp-image-109\"\/><\/a><\/figure><\/div>\n\n\n<p><strong>De nombreux fr\u00e8res sont engag\u00e9s dans l\u2019enseignement<\/strong>, au sein de diff\u00e9rentes institutions : cours de th\u00e9ologie \u00e0 la <a href=\"http:\/\/theocatho.unistra.fr\/\" target=\"_blank\" rel=\"noopener noreferrer\">Facult\u00e9 de Th\u00e9ologie Catholique<\/a> de l\u2019Universit\u00e9 de Strasbourg, ou cours d\u2019\u00e9thique de l\u2019ing\u00e9nieur \u00e0 l\u2019<a href=\"http:\/\/www.ecam-strasbourg.eu\/\" target=\"_blank\" rel=\"noopener noreferrer\">ECAM-Strasbourg Europe<\/a>. Plusieurs fr\u00e8res sont par ailleurs \u00e9tudiants en th\u00e9ologie \u00e0 l&rsquo;Universit\u00e9.<\/p>\n\n\n<div class=\"wp-block-image\">\n<figure class=\"alignright\"><a href=\"http:\/\/dominicains-strasbourg.fr\/wp-content\/uploads\/2015\/10\/logo-decere.png\"><img decoding=\"async\" loading=\"lazy\" width=\"150\" height=\"150\" src=\"http:\/\/dominicains-strasbourg.fr\/wp-content\/uploads\/2015\/10\/logo-decere.png\" alt=\"logo Decere\" class=\"wp-image-110\"\/><\/a><\/figure><\/div>\n\n\n<p><strong>Les questions europ\u00e9ennes<\/strong> sont travaill\u00e9es par plusieurs&nbsp;fr\u00e8res, notamment au sein de l\u2019association Decere, cofond\u00e9e par l\u2019Ordre dominicain et le dioc\u00e8se de Strasbourg pour s\u2019occuper de la place des religions dans la construction europ\u00e9enne : plus de renseignements sur&nbsp;<a href=\"http:\/\/www.decere.eu\" target=\"_blank\" rel=\"noopener noreferrer\">www.decere.eu<\/a><\/p>\n\n\n<div class=\"wp-block-image\">\n<figure class=\"alignleft\"><a href=\"http:\/\/dominicains-strasbourg.fr\/wp-content\/uploads\/2015\/10\/emblem.jpg\"><img decoding=\"async\" loading=\"lazy\" width=\"150\" height=\"150\" src=\"http:\/\/dominicains-strasbourg.fr\/wp-content\/uploads\/2015\/10\/emblem-150x150.jpg\" alt=\"embleme scoutisme\" class=\"wp-image-111\"\/><\/a><\/figure><\/div>\n\n\n<p>Les actions de <strong>solidarit\u00e9<\/strong> nous occupent aussi par l\u2019assistance aux n\u00e9cessiteux, l\u2019aum\u00f4nerie des gens du voyage, et l\u2019assistance aux familles irakiennes arriv\u00e9es \u00e0 Strasbourg depuis quelques ann\u00e9es ou tr\u00e8s r\u00e9cemment.&nbsp;Quelques fr\u00e8res sont aussi <strong>aum\u00f4niers de mouvements <\/strong>de la\u00efcs&nbsp;(Mouvement Chr\u00e9tien des Cadres, Entrepreneurs et Dirigeants Chr\u00e9tiens, \u00c9quipes Notre Dame, divers mouvements scouts, groupes de <strong>jeunes professionnels<\/strong>\u2026).&nbsp;Enfin, les fr\u00e8res assurent la <strong>pr\u00e9dication de retraites<\/strong> en divers lieux, et font de l\u2019<strong>accompagnement spirituel<\/strong>.<\/p>\n","protected":false},"excerpt":{"rendered":"<p>\u00ab&nbsp;Tout d\u2019abord, fr\u00e8res, pourquoi \u00eates-vous r\u00e9unis sinon pour habiter ensemble dans l\u2019unanimit\u00e9, ne faisant qu\u2019un c\u0153ur et qu\u2019une \u00e2me en Dieu.&nbsp;\u00bb (D\u00e9but de la R\u00e8gle de Saint Augustin, selon laquelle vivent les fr\u00e8res pr\u00eacheurs, c\u2019est-\u00e0-dire les dominicains). Notre premi\u00e8re t\u00e2che &hellip; <a href=\"https:\/\/dominicains-strasbourg.fr\/index.php\/que-faisons-nous\/\">Continuer la lecture <span class=\"meta-nav\">&rarr;<\/span><\/a><\/p>\n","protected":false},"author":1,"featured_media":0,"parent":0,"menu_order":0,"comment_status":"closed","ping_status":"closed","template":"","meta":[],"_links":{"self":[{"href":"https:\/\/dominicains-strasbourg.fr\/index.php\/wp-json\/wp\/v2\/pages\/13"}],"collection":[{"href":"https:\/\/dominicains-strasbourg.fr\/index.php\/wp-json\/wp\/v2\/pages"}],"about":[{"href":"https:\/\/dominicains-strasbourg.fr\/index.php\/wp-json\/wp\/v2\/types\/page"}],"author":[{"embeddable":true,"href":"https:\/\/dominicains-strasbourg.fr\/index.php\/wp-json\/wp\/v2\/users\/1"}],"replies":[{"embeddable":true,"href":"https:\/\/dominicains-strasbourg.fr\/index.php\/wp-json\/wp\/v2\/comments?post=13"}],"version-history":[{"count":19,"href":"https:\/\/dominicains-strasbourg.fr\/index.php\/wp-json\/wp\/v2\/pages\/13\/revisions"}],"predecessor-version":[{"id":1029,"href":"https:\/\/dominicains-strasbourg.fr\/index.php\/wp-json\/wp\/v2\/pages\/13\/revisions\/1029"}],"wp:attachment":[{"href":"https:\/\/dominicains-strasbourg.fr\/index.php\/wp-json\/wp\/v2\/media?parent=13"}],"curies":[{"name":"wp","href":"https:\/\/api.w.org\/{rel}","templated":true}]}}