{"id":10,"date":"2015-10-03T08:27:10","date_gmt":"2015-10-03T07:27:10","guid":{"rendered":"http:\/\/dominicains-strasbourg.fr\/?page_id=10"},"modified":"2025-12-30T07:39:53","modified_gmt":"2025-12-30T06:39:53","slug":"horaires-messe-et-priere","status":"publish","type":"page","link":"https:\/\/dominicains-strasbourg.fr\/index.php\/horaires-messe-et-priere\/","title":{"rendered":"Horaires"},"content":{"rendered":"<p>La vie de la communaut\u00e9 est rythm\u00e9e par des temps de pri\u00e8re commune auxquels tous sont bienvenus. En-dehors de ces heures, l\u2019\u00e9glise du couvent est ouverte \u00e0 tous pour une pri\u00e8re personnelle.<\/p>\n<p><strong>Venir prier :<\/strong> l\u2019\u00e9glise est ouverte tous les jours de 7h \u00e0 19h30<\/p>\n<p><strong>Venir prier et c\u00e9l\u00e9brer avec les fr\u00e8res :\u00a0\u00a0\u00a0\u00a0\u00a0<\/strong><\/p>\n<ul>\n<li><strong>Le dimanche<\/strong> :<\/li>\n<\/ul>\n<p>8h30 : laudes<br \/>\n<strong>19h : messe dominicale<\/strong><\/p>\n<ul>\n<li>En semaine :<\/li>\n<\/ul>\n<p>7h30 : laudes<br \/>\n12h10 : messe<br \/>\n19h : v\u00eapres (le jeudi : 18h30)<\/p>\n<div><\/div>\n","protected":false},"excerpt":{"rendered":"<p>La vie de la communaut\u00e9 est rythm\u00e9e par des temps de pri\u00e8re commune auxquels tous sont bienvenus. En-dehors de ces heures, l\u2019\u00e9glise du couvent est ouverte \u00e0 tous pour une pri\u00e8re personnelle. Venir prier : l\u2019\u00e9glise est ouverte tous les &hellip; <a href=\"https:\/\/dominicains-strasbourg.fr\/index.php\/horaires-messe-et-priere\/\">Continuer la lecture <span class=\"meta-nav\">&rarr;<\/span><\/a><\/p>\n","protected":false},"author":1,"featured_media":0,"parent":0,"menu_order":0,"comment_status":"closed","ping_status":"closed","template":"","meta":[],"_links":{"self":[{"href":"https:\/\/dominicains-strasbourg.fr\/index.php\/wp-json\/wp\/v2\/pages\/10"}],"collection":[{"href":"https:\/\/dominicains-strasbourg.fr\/index.php\/wp-json\/wp\/v2\/pages"}],"about":[{"href":"https:\/\/dominicains-strasbourg.fr\/index.php\/wp-json\/wp\/v2\/types\/page"}],"author":[{"embeddable":true,"href":"https:\/\/dominicains-strasbourg.fr\/index.php\/wp-json\/wp\/v2\/users\/1"}],"replies":[{"embeddable":true,"href":"https:\/\/dominicains-strasbourg.fr\/index.php\/wp-json\/wp\/v2\/comments?post=10"}],"version-history":[{"count":71,"href":"https:\/\/dominicains-strasbourg.fr\/index.php\/wp-json\/wp\/v2\/pages\/10\/revisions"}],"predecessor-version":[{"id":1051,"href":"https:\/\/dominicains-strasbourg.fr\/index.php\/wp-json\/wp\/v2\/pages\/10\/revisions\/1051"}],"wp:attachment":[{"href":"https:\/\/dominicains-strasbourg.fr\/index.php\/wp-json\/wp\/v2\/media?parent=10"}],"curies":[{"name":"wp","href":"https:\/\/api.w.org\/{rel}","templated":true}]}}